{"id":1023,"date":"2024-10-06T17:52:12","date_gmt":"2024-10-06T15:52:12","guid":{"rendered":"https:\/\/www.xfinancialreports.com\/acerca-de\/?page_id=1023"},"modified":"2024-10-14T16:24:58","modified_gmt":"2024-10-14T14:24:58","slug":"informacion-corporativa","status":"publish","type":"page","link":"https:\/\/www.xfinancialreports.com\/acerca-de\/","title":{"rendered":"Informaci\u00f3n Corporativa"},"content":{"rendered":"\t\t<div data-elementor-type=\"wp-page\" data-elementor-id=\"1023\" class=\"elementor elementor-1023\" data-elementor-post-type=\"page\">\n\t\t\t\t\t\t<section class=\"elementor-section elementor-top-section elementor-element elementor-element-1aeb6ad2 elementor-section-full_width elementor-section-height-default elementor-section-height-default\" data-id=\"1aeb6ad2\" data-element_type=\"section\">\n\t\t\t\t\t\t<div class=\"elementor-container elementor-column-gap-default\">\n\t\t\t\t\t<div class=\"elementor-column elementor-col-100 elementor-top-column elementor-element elementor-element-3267b5b6\" data-id=\"3267b5b6\" data-element_type=\"column\">\n\t\t\t<div class=\"elementor-widget-wrap elementor-element-populated\">\n\t\t\t\t\t\t<div class=\"elementor-element elementor-element-691ad481 elementor-align-left elementor-widget elementor-widget-bdevs-slider\" data-id=\"691ad481\" data-element_type=\"widget\" data-widget_type=\"bdevs-slider.default\">\n\t\t\t\t<div class=\"elementor-widget-container\">\n\t\t\t\t\t\n\t\t\t\t<div class=\"up-home-slider\">\n\t\t\t\t\t\t\t\t\t<div class=\"up-home-slide\" style=\"background-image: url(https:\/\/www.xfinancialreports.com\/acerca-de\/wp-content\/uploads\/2024\/10\/slider-img-1.jpg)\">\n\t\t\t\t\n\t\t\t\t<div class=\"container\">\n\t\t\t\t\t<div class=\"row\">\n\t\t\t\t\t\t<div class=\"col-xl-8 col-lg-10\">\n\t\t\t\t\t\t\t<h3 data-animation=\"fadeInLeft\" data-delay=\"0.2s\">\n\t\t\t\t\t\t\t\t\t\t\t\t\t\t\t\t<span class=\"font-weight-lighter\">Informaci\u00f3n<\/span> <br>\n\t\t\t\t\t\t\t\t\t\n\t\t\t\t\t\t\t\t\t\t\t\t\t\t\t\t<span class=\"font-weight-bolder\">Corporativa<\/span> <br>\n\t\t\t\t\t\t\t\t\t\n\t\t\t\t\t\t\t\t\t\n\t\t\t\t\t\t\t<\/h3>\n\t\t\t\t\t\t\t\t\t\t\t\t\t\t<p data-animation=\"fadeInLeft\" data-delay=\"0.6s\">\n\t\t\t\t\t\t\t\tTe damos la bienvenida a las empresas que forman parte de XFR Group\t\t\t\t\t\t\t<\/p>\n\t\t\t\t\t\t\t\t\n\t\t\t\t\t\t\t\t\n\t\t\t\t\t\t\t\t\n\t\t\t\t\t\t<\/div>\n\t\t\t\t\t<\/div>\n\t\t\t\t<\/div>\n\t\t\t<\/div>\n\t\t\t\t\t<\/div>\n\t\t\t\n\t\t\t\t\t<\/div>\n\t\t\t\t<\/div>\n\t\t\t\t\t<\/div>\n\t\t<\/div>\n\t\t\t\t\t<\/div>\n\t\t<\/section>\n\t\t\t\t<section class=\"elementor-section elementor-top-section elementor-element elementor-element-4b6262c1 elementor-section-full_width elementor-section-height-default elementor-section-height-default\" data-id=\"4b6262c1\" data-element_type=\"section\">\n\t\t\t\t\t\t<div class=\"elementor-container elementor-column-gap-default\">\n\t\t\t\t\t<div class=\"elementor-column elementor-col-100 elementor-top-column elementor-element elementor-element-3ad51ebf\" data-id=\"3ad51ebf\" data-element_type=\"column\">\n\t\t\t<div class=\"elementor-widget-wrap elementor-element-populated\">\n\t\t\t\t\t\t<div class=\"elementor-element elementor-element-66c6bd7e elementor-align-left elementor-widget elementor-widget-bdevs-about\" data-id=\"66c6bd7e\" data-element_type=\"widget\" data-widget_type=\"bdevs-about.default\">\n\t\t\t\t<div class=\"elementor-widget-container\">\n\t\t\t\t\t        \n        <div class=\"about-us-area pb-100 pos-rel\">\n        \t\t<div class=\"shape d-none d-xl-block\">\n\t\t\t<div class=\"shape-item ab-01 bounce-animate\"><img decoding=\"async\" src=\"https:\/\/www.xfinancialreports.com\/acerca-de\/wp-content\/uploads\/2024\/10\/shape.png\" alt=\"\"><\/div>\n\t\t<\/div>\n\t\t\t\t<div class=\"container\">\n\t\t\t<div class=\"row\">\n\t\t\t\t<div class=\"col-xl-6 col-lg-6\">\n\t\t\t\t\t<div class=\"about-us-wrapper mb-30\">\n\t\t\t\t\t\t<div class=\"section-title mb-45\">\n\t\t\t\t\t\t\t\t\t\t\t\t\t\t\t\t\t\t\t\t\t<h1>DECLARACI\u00d3N DE COMPROMISO<\/h1>\n\t\t\t\t\t\t\t\t\t\t\t\t\t\t\t\t\t\t\t\t\t<p>La Junta Directiva de XFR Group reafirma su compromiso inquebrantable con los m\u00e1s altos est\u00e1ndares \u00e9ticos en todas nuestras operaciones y decisiones. Reconocemos que la integridad y la transparencia son fundamentales para el \u00e9xito sostenible de nuestra organizaci\u00f3n y para generar confianza entre nuestros accionistas, empleados, clientes y la comunidad en general. <\/p>\n\t\t\t\t\t\t\t\t\t\t\t\t\t<\/div>\n\t\t\t\t\t\t<div class=\"row\">\n\t\t\t\t\t\t\t\t\t\t\t\t\t\t<div class=\"col-xl-4 col-lg-6 col-md-4 col-sm-6 mb-30\">\n\t\t\t\t\t\t\t\t<div class=\"single-skill\">\n\t\t\t\t\t\t\t\t\t<div class=\"progress-circular\">\n\t\t\t\t\t\t\t\t\t\t\t\n\t\t\t\t\t\t\t\t\t\t\t\n\t\t\t\t\t\t\t\t\t<\/div>\n\t\t\t\t\t\t\t\t<\/div>\n\t\t\t\t\t\t\t<\/div>\n\t\t\t\t\t\t\t\t\t\t\t\t\t<\/div>\n\t\t\t\t\t<\/div>\n\t\t\t\t<\/div>\n\t\t\t\t<div class=\"col-xl-6 col-lg-6\">\n\t\t\t\t\t<div class=\"up-about-img position-relative\">\n\t\t\t\t\t\t\t\t\t\t\t\t<img decoding=\"async\" src=\"https:\/\/www.xfinancialreports.com\/acerca-de\/wp-content\/uploads\/2024\/10\/about-3.jpg\" alt=about\"\">\n\t\t\t\t\t\t\t\t\t\t\t\t\t\t\t\t\t<\/div>\n\t\t\t\t<\/div>\n\t\t\t<\/div>\n\t\t<\/div>\n\t<\/div>\n\t\n\t\t\n\t\t\t\t\t<\/div>\n\t\t\t\t<\/div>\n\t\t\t\t\t<\/div>\n\t\t<\/div>\n\t\t\t\t\t<\/div>\n\t\t<\/section>\n\t\t\t\t<section class=\"elementor-section elementor-top-section elementor-element elementor-element-9b74223 elementor-section-full_width elementor-section-height-default elementor-section-height-default\" data-id=\"9b74223\" data-element_type=\"section\">\n\t\t\t\t\t\t<div class=\"elementor-container elementor-column-gap-default\">\n\t\t\t\t\t<div class=\"elementor-column elementor-col-100 elementor-top-column elementor-element elementor-element-3ea0e525\" data-id=\"3ea0e525\" data-element_type=\"column\">\n\t\t\t<div class=\"elementor-widget-wrap elementor-element-populated\">\n\t\t\t\t\t\t<div class=\"elementor-element elementor-element-44045c8d elementor-align-left elementor-widget elementor-widget-bdevs-features\" data-id=\"44045c8d\" data-element_type=\"widget\" data-widget_type=\"bdevs-features.default\">\n\t\t\t\t<div class=\"elementor-widget-container\">\n\t\t\t\t\t\t\t\t\t\t\n\t\t\t\t\t\t<div class=\"up-features-area pt-125 pb-240\" style=\"background-image: url(https:\/\/www.xfinancialreports.com\/acerca-de\/wp-content\/themes\/bizzix\/assets\/img\/bg\/features.png)\">\n\t\t\t\t\t\t\t<div class=\"container\">\n\t\t\t\t\t<div class=\"row justify-content-center\">\n\t\t\t\t\t\t<div class=\"col-xl-6 col-lg-6\">\n\t\t\t\t\t\t\t<div class=\"up-section-title text-center mb-80\">\n\t\t\t\t\t\t\t\t\t\t\t\t\t\t\t\t\t\t\t\t\t\t\t\t<h3>Marco Filos\u00f3fico <\/h3>\n\t\t\t\t\t\t\t\t\t\t\t\t\t\t\t<\/div>\n\t\t\t\t\t\t<\/div>\n\t\t\t\t\t<\/div>\n\t\t\t\t<\/div>\n\t\t\t<\/div>\n\t\t\t<div class=\"up-features-items pb-150\">\n\t\t\t\t<div class=\"container\">\n\t\t\t\t\t<div class=\"row\">\n\t\t\t\t\t\t\t\t\t\t\t\t<div class=\"col-xl-4 col-md-6\">\n\t\t\t\t\t\t\t<div class=\"up-features-wrapper text-center\">\n\t\t\t\t\t\t\t\t\t\t\t\t\t\t\t\t<div class=\"up-features-img\">\n\t\t\t\t\t\t\t\t\t<img decoding=\"async\" src=\"https:\/\/www.xfinancialreports.com\/acerca-de\/wp-content\/uploads\/2024\/10\/01.jpg\" alt=\"\">\n\t\t\t\t\t\t\t\t<\/div>\n\t\t\t\t\t\t\t\t\t\n\t\t\t\t\t\t\t\t<div class=\"up-features-text\">\n\t\t\t\t\t\t\t\t\t<div class=\"up-features-icon\">\n\t\t\t\t\t\t\t\t\t\t<i class=\"fas fa-chart-area fa-flip-horizontal\"><\/i>\n\t\t\t\t\t\t\t\t\t<\/div>\n\t\t\t\t\t\t\t\t\t\t\t\t\t\t\t\t\t\t<h4>Misi\u00f3n<\/h4>\n\t\t\t\t\t\t\t\t\t\t\n\t\t\t\t\t\t\t\t\t\t\t\t\t\t\t\t\t\t<p>Proporcionar productos y servicios tecnol\u00f3gicos de alta calidad que impulsen la innovaci\u00f3n, la competitividad, crecimiento y transformaci\u00f3n de nuestros clientes, contribuyendo a su \u00e9xito en un entorno digital en constante evoluci\u00f3n.<\/p>\n\t\t\t\t\t\t\t\t\t\t\n\t\t\t\t\t\t\t\t\t\t\t\t\t\t\t\t\t\t<a href=\"#\" class=\"read-more\"><i class=\"far fa-plus\"><\/i><\/a>\n\t\t\t\t\t\t\t\t\t\t\n\t\t\t\t\t\t\t\t<\/div>\n\t\t\t\t\t\t\t<\/div>\n\t\t\t\t\t\t<\/div>\n\t\t\t\t\t\t\t\t\t\t\t\t<div class=\"col-xl-4 col-md-6\">\n\t\t\t\t\t\t\t<div class=\"up-features-wrapper text-center\">\n\t\t\t\t\t\t\t\t\t\t\t\t\t\t\t\t<div class=\"up-features-img\">\n\t\t\t\t\t\t\t\t\t<img decoding=\"async\" src=\"https:\/\/www.xfinancialreports.com\/acerca-de\/wp-content\/uploads\/2024\/10\/02-1.jpg\" alt=\"\">\n\t\t\t\t\t\t\t\t<\/div>\n\t\t\t\t\t\t\t\t\t\n\t\t\t\t\t\t\t\t<div class=\"up-features-text\">\n\t\t\t\t\t\t\t\t\t<div class=\"up-features-icon\">\n\t\t\t\t\t\t\t\t\t\t<i class=\"fas fa-chart-area fa-flip-horizontal\"><\/i>\n\t\t\t\t\t\t\t\t\t<\/div>\n\t\t\t\t\t\t\t\t\t\t\t\t\t\t\t\t\t\t<h4>Visi\u00f3n<\/h4>\n\t\t\t\t\t\t\t\t\t\t\n\t\t\t\t\t\t\t\t\t\t\t\t\t\t\t\t\t\t<p>Ser un grupo referente en transformaci\u00f3n digital, servicios y soluciones innovadoras, acompa\u00f1ando a nuestros clientes en este proceso de mejora.<\/p>\n\t\t\t\t\t\t\t\t\t\t\n\t\t\t\t\t\t\t\t\t\t\t\t\t\t\t\t\t\t<a href=\"#\" class=\"read-more\"><i class=\"far fa-plus\"><\/i><\/a>\n\t\t\t\t\t\t\t\t\t\t\n\t\t\t\t\t\t\t\t<\/div>\n\t\t\t\t\t\t\t<\/div>\n\t\t\t\t\t\t<\/div>\n\t\t\t\t\t\t\t\t\t\t\t<\/div>\n\t\t\t\t<\/div>\n\t\t\t<\/div>\n\n\t\t\t\n\t\t\t\t\t<\/div>\n\t\t\t\t<\/div>\n\t\t\t\t<div class=\"elementor-element elementor-element-b45bea3 elementor-widget elementor-widget-html\" data-id=\"b45bea3\" data-element_type=\"widget\" data-widget_type=\"html.default\">\n\t\t\t\t<div class=\"elementor-widget-container\">\n\t\t\t\t\t<script>\ndocument.querySelectorAll('.col-xl-4').forEach(element => {\n  element.classList.remove('col-xl-4');\n  element.classList.add('col-xl-6');\n});\n<\/script>\t\t\t\t<\/div>\n\t\t\t\t<\/div>\n\t\t\t\t\t<\/div>\n\t\t<\/div>\n\t\t\t\t\t<\/div>\n\t\t<\/section>\n\t\t\t\t<section class=\"elementor-section elementor-top-section elementor-element elementor-element-7eeb3b2e elementor-section-full_width elementor-section-height-default elementor-section-height-default\" data-id=\"7eeb3b2e\" data-element_type=\"section\">\n\t\t\t\t\t\t<div class=\"elementor-container elementor-column-gap-default\">\n\t\t\t\t\t<div class=\"elementor-column elementor-col-100 elementor-top-column elementor-element elementor-element-7f386f69\" data-id=\"7f386f69\" data-element_type=\"column\">\n\t\t\t<div class=\"elementor-widget-wrap elementor-element-populated\">\n\t\t\t\t\t\t<div class=\"elementor-element elementor-element-27afe6fd elementor-align-left elementor-widget elementor-widget-bdevs-about\" data-id=\"27afe6fd\" data-element_type=\"widget\" data-widget_type=\"bdevs-about.default\">\n\t\t\t\t<div class=\"elementor-widget-container\">\n\t\t\t\t\t\n        \t<div class=\"about-area pt-130 pb-100\">\n\n                <div class=\"container\">\n\n                    <div class=\"row\">\n\n                        <div class=\"col-xl-6 col-lg-6\">\n\n                        \t\n                            <div class=\"about-2-img mb-30 wow fadeInUp\" data-wow-delay=\".1s\" data-wow-duration=\".1\">\n\n                                <img decoding=\"async\" src=\"http:\/\/shtheme.org\/demosd\/bizzix\/wp-content\/uploads\/2020\/07\/about-2.jpg\" alt=\"\">\n\n                            <\/div>\n\n                            \n                        <\/div>\n\n                        <div class=\"col-xl-6 col-lg-6\">\n\n                            <div class=\"about-us-wrapper about-blue-wrapper mb-30\">\n\n                                <div class=\"section-title mb-45\">\n\n                                \t\n                                                                        <h1>Nuestros Valores<\/h1>\n                                    \n                                                                        <p><ul id=\"lista1\">\n  <li>Innovaci\u00f3n<\/li>\n  <li>Excelencia<\/li>\n  <li>Colaboraci\u00f3n<\/li>\n  <li>Liderazgo<\/li>\n  <li>Responsabilidad<\/li>\n  <li>Adaptabilidad<\/li>\n  <li>Empoderamiento<\/li>\n  <li>Orientaci\u00f3n al cliente<\/li>\n<\/ul><\/p>\n                                    \n                                <\/div>\n\n                                <div class=\"row\">\n\n                                \t\n                                    <div class=\"col-xl-6 col-lg-6 mb-30\">\n\n                                        <div class=\"single-about-us wow fadeIn\" data-wow-delay=\".1s\" data-wow-duration=\".1\">\n\n                                            <div class=\"inner-about-us\">\n\n                                            \t\t\n\t\t\t\t\t\t\t\t\t\t\t\t\n\t\t\t\t\t\t\t\t\t\t\t\t\t\n\n                                            <\/div>\n\n                                            \t\n\n                                        <\/div>\n\n                                    <\/div>\n\n                                    \n                                <\/div>\n\n                                \t\n\n                            <\/div>\n\n                        <\/div>\n\n                    <\/div>\n\n                <\/div>\n\n            <\/div>\n\n        \t\n\t\t\t\t\t<\/div>\n\t\t\t\t<\/div>\n\t\t\t\t\t<\/div>\n\t\t<\/div>\n\t\t\t\t\t<\/div>\n\t\t<\/section>\n\t\t\t\t<\/div>\n\t\t","protected":false},"excerpt":{"rendered":"<p>Informaci\u00f3n Corporativa Te damos la bienvenida a las empresas que forman parte de XFR Group DECLARACI\u00d3N DE COMPROMISO La Junta Directiva de XFR Group reafirma su compromiso inquebrantable con los m\u00e1s altos est\u00e1ndares \u00e9ticos en todas nuestras operaciones y decisiones. Reconocemos que la integridad y la transparencia son fundamentales para el \u00e9xito sostenible de nuestra [&hellip;]<\/p>\n","protected":false},"author":1,"featured_media":0,"parent":0,"menu_order":0,"comment_status":"closed","ping_status":"open","template":"elementor_header_footer","meta":{"footnotes":""},"class_list":["post-1023","page","type-page","status-publish","hentry"],"_links":{"self":[{"href":"https:\/\/www.xfinancialreports.com\/acerca-de\/wp-json\/wp\/v2\/pages\/1023","targetHints":{"allow":["GET"]}}],"collection":[{"href":"https:\/\/www.xfinancialreports.com\/acerca-de\/wp-json\/wp\/v2\/pages"}],"about":[{"href":"https:\/\/www.xfinancialreports.com\/acerca-de\/wp-json\/wp\/v2\/types\/page"}],"author":[{"embeddable":true,"href":"https:\/\/www.xfinancialreports.com\/acerca-de\/wp-json\/wp\/v2\/users\/1"}],"replies":[{"embeddable":true,"href":"https:\/\/www.xfinancialreports.com\/acerca-de\/wp-json\/wp\/v2\/comments?post=1023"}],"version-history":[{"count":38,"href":"https:\/\/www.xfinancialreports.com\/acerca-de\/wp-json\/wp\/v2\/pages\/1023\/revisions"}],"predecessor-version":[{"id":1151,"href":"https:\/\/www.xfinancialreports.com\/acerca-de\/wp-json\/wp\/v2\/pages\/1023\/revisions\/1151"}],"wp:attachment":[{"href":"https:\/\/www.xfinancialreports.com\/acerca-de\/wp-json\/wp\/v2\/media?parent=1023"}],"curies":[{"name":"wp","href":"https:\/\/api.w.org\/{rel}","templated":true}]}}